{"id":21517,"date":"2015-03-24T09:33:23","date_gmt":"2015-03-24T09:33:23","guid":{"rendered":"http:\/\/blueowlcreative.com\/wp\/fortuna_export\/?page_id=21517"},"modified":"2022-01-28T00:14:40","modified_gmt":"2022-01-28T00:14:40","slug":"about-us","status":"publish","type":"page","link":"https:\/\/ibi-international.com\/es\/about-us\/","title":{"rendered":"Nosotros"},"content":{"rendered":"<p>[vc_row full_width=\u00bbstretch_row\u00bb bg_type=\u00bbimage\u00bb parallax_style=\u00bbvcpb-vz-jquery\u00bb bg_image_new=\u00bb24254&#8243; bg_image_repeat=\u00bbno-repeat\u00bb parallax_sense=\u00bb50&#8243; bg_override=\u00bbfull\u00bb disable_on_mobile_img_parallax=\u00bboff\u00bb parallax_content=\u00bboff\u00bb fadeout_row=\u00bboff\u00bb enable_overlay=\u00bbenable_overlay_value\u00bb overlay_color=\u00bbrgba(0,0,0,0.34)\u00bb overlay_pattern=\u00bb09.png\u00bb seperator_enable=\u00bboff\u00bb css=\u00bb.vc_custom_1630615832586{margin-bottom: 0px !important;padding-top: 250px !important;padding-bottom: 160px !important;}\u00bb][vc_column]<h1 class=\"boc_heading no_text_transform center  \"  style=\"margin-bottom: 20px;margin-top: 0px;color: #ffffff;font-size: 52px;\"><span>Ofrecemos <strong>servicios <\/strong> mundialmente <\/span><\/h1><div class=\"boc_divider_holder\"><div class=\"boc_divider  \"  style=\"margin-top: 24px;margin-bottom: 30px;width: 100px;margin-left: auto; margin-right: auto;height: 2px;background: rgba(255,255,255,0.3);\"><\/div><\/div><h2 class=\"boc_heading  center  boc_subheading \"  style=\"margin-bottom: 20px;margin-top: 0px;color: #e5e5e5;font-size: 26px;\"><span>En la industria desde 1966, Experiencia y Credibilidad<\/span><\/h2>[\/vc_column][\/vc_row][vc_row bg_type=\u00bbbg_color\u00bb seperator_enable=\u00bboff\u00bb][vc_column]<div class=\"boc_spacing \" style=\"height: 70px\"><\/div>[\/vc_column][\/vc_row][vc_row css=\u00bb.vc_custom_1437471132163{margin-bottom: 0px !important;}\u00bb][vc_column width=\u00bb1\/3&#8243; css=\u00bb.vc_custom_1437471091665{padding-bottom: 35px !important;}\u00bb][vc_row_inner][vc_column_inner width=\u00bb1\/4&#8243;][vc_single_image onclick=\u00bbcustom_link\u00bb css_animation=\u00bbboc_animate_when_almost_visible boc_left-to-right\u00bb image=\u00bb24051&#8243; link=\u00bbhttps:\/\/www.ibi-international.com\/\/services\/domestico\/\u00bb][\/vc_column_inner][vc_column_inner width=\u00bb3\/4&#8243;]<h4 class=\"boc_heading  al_left  boc_animate_when_almost_visible boc_right-to-left\"  style=\"margin-bottom: 20px;margin-top: 0px;color: #333333;\"><span>Dinero en Efectivo Transportado<\/span><\/h4>[vc_column_text]Con 20 camiones blindados en el sur de la Florida, IBI International Logistics, Inc. ofrece el Servicio de Dinero en Efectivo Transportado para sus clientes en la zona sur de la Florida.[\/vc_column_text]<a\thref=\"\/es\/services\/domestico\/\" \n\t\t\t\tclass=\"button btn_medium btn_theme_color btn_rounded btn_normal_style    \"  target='_self'><span>Ampliar<\/span><\/a>[\/vc_column_inner][\/vc_row_inner][\/vc_column][vc_column width=\u00bb1\/3&#8243; css=\u00bb.vc_custom_1437471100617{padding-bottom: 35px !important;}\u00bb][vc_row_inner][vc_column_inner width=\u00bb1\/4&#8243;][vc_single_image onclick=\u00bbcustom_link\u00bb image=\u00bb24056&#8243; link=\u00bbhttps:\/\/www.ibi-international.com\/\/services\/internacional\/\u00bb][\/vc_column_inner][vc_column_inner width=\u00bb3\/4&#8243;]<h4 class=\"boc_heading  al_left  boc_animate_when_almost_visible boc_right-to-left\"  style=\"margin-bottom: 20px;margin-top: 0px;color: #333;\"><span>metales preciosos\/<br \/>\nsector minero<\/span><\/h4>[vc_column_text]IBI International Logistics, Inc. es consciente de la importancia de seguridad, as\u00ed\u00ad como la eficiencia del tiempo en esta industria. Nuestros servicios proveen tranquilidad a nuestros clientes &#8230;[\/vc_column_text]<a\thref=\"\/es\/services\/internacional\/\" \n\t\t\t\tclass=\"button btn_medium btn_theme_color btn_rounded btn_normal_style    \"  target='_self'><span>Ampliar<\/span><\/a>[\/vc_column_inner][\/vc_row_inner][\/vc_column][vc_column width=\u00bb1\/3&#8243; css=\u00bb.vc_custom_1437471106192{padding-bottom: 35px !important;}\u00bb][vc_row_inner][vc_column_inner width=\u00bb1\/4&#8243;][vc_single_image onclick=\u00bbcustom_link\u00bb image=\u00bb24057&#8243; link=\u00bbhttps:\/\/www.ibi-international.com\/\/services\/internacional\/\u00bb][\/vc_column_inner][vc_column_inner width=\u00bb3\/4&#8243;]<h4 class=\"boc_heading  al_left  boc_animate_when_almost_visible boc_right-to-left\"  style=\"margin-bottom: 20px;margin-top: 0px;color: #333;\"><span>Otra Mercanc\u00eda de Valor<\/span><\/h4>[vc_column_text]Tales como metales preciosos, piedras preciosas, joyer\u00eda, tarjetas de cr\u00e9dito, cintas de datos y otras mercanc\u00edas de valor parecidas. IBI International Logistics, Inc. ofrece servicios tales como &#8230;[\/vc_column_text]<a\thref=\"\/es\/services\/internacional\/\" \n\t\t\t\tclass=\"button btn_medium btn_theme_color btn_rounded btn_normal_style    \"  target='_self'><span>Ampliar<\/span><\/a>[\/vc_column_inner][\/vc_row_inner][\/vc_column][\/vc_row][vc_row full_width=\u00bbstretch_row_content_no_spaces\u00bb icon_type=\u00bbno_icon\u00bb icon_size=\u00bb32&#8243; icon_style=\u00bbnone\u00bb icon_color_border=\u00bb#333333&#8243; icon_border_size=\u00bb1&#8243; icon_border_radius=\u00bb500&#8243; icon_border_spacing=\u00bb50&#8243; img_width=\u00bb48&#8243; css=\u00bb.vc_custom_1428517476784{margin-bottom: 0px !important;}\u00bb][vc_column css=\u00bb.vc_custom_1630694508901{padding-top: 100px !important;padding-right: 300px !important;padding-bottom: 100px !important;padding-left: 300px !important;background-color: #000000 !important;}\u00bb el_class=\u00bbequal_height_column no_side_padding_in_responsive_column white_text center\u00bb offset=\u00bbvc_col-lg-12 vc_col-md-12 vc_col-xs-12&#8243;]<h2 class=\"boc_heading no_text_transform center  \"  style=\"margin-bottom: 20px;margin-top: 0px;color: #ffffff;font-size: 32px;\"><span>Sobre <strong>nosotros<\/strong><\/span><\/h2><div class=\"boc_divider_holder\"><div class=\"boc_divider  \"  style=\"margin-top: 20px;margin-bottom: 20px;width: 60px;margin-left: auto; margin-right: auto;height: 1px;background: rgba(255,255,255,0.17);\"><\/div><\/div>[vc_column_text]IBI International Logistics Inc. ubicada estrat\u00e9gicamente en Miami, Florida, brinda soluciones seguras para las necesidades de carga de alto valor, como procesamiento de efectivo, almacenamiento, efectivo en tr\u00e1nsito, con un enfoque en el transporte internacional de carga valiosa. Junto con nuestras empresas afiliadas, IBI International Logistics Inc. puede proporcionar servicios de despacho de aduanas, servicio de remolque de tractores de larga distancia dentro de los Estados Unidos continentales, soluciones de almacenamiento y env\u00edo de bellas artes, env\u00edo de diamantes y joyas y soluciones de env\u00edo transfronterizo. Nuestra red de oficinas y empleados se extiende por los Estados Unidos, Am\u00e9rica Latina y el Reino Unido. Somos un transportista aprobado por COMEX y nuestros equipos brindan una comunicaci\u00f3n constante y el m\u00e1s alto nivel de servicio al cliente en la industria.<\/p>\n<p>IBI International Logistics Inc se ha unido recientemente al grupo BII, con m\u00e1s de 55 a\u00f1os de experiencia y operando a nivel nacional, Canad\u00e1, M\u00e9xico y una subsidiaria en Reino Unido.<\/p>\n<p>Esperamos trabajar juntos y compartir nuestra experiencia.[\/vc_column_text]<div class=\"boc_spacing \" style=\"height: 20px\"><\/div>[\/vc_column][\/vc_row]<\/p>","protected":false},"excerpt":{"rendered":"<p>[vc_row full_width=\u00bbstretch_row\u00bb bg_type=\u00bbimage\u00bb parallax_style=\u00bbvcpb-vz-jquery\u00bb bg_image_new=\u00bb24254&#8243; bg_image_repeat=\u00bbno-repeat\u00bb parallax_sense=\u00bb50&#8243; bg_override=\u00bbfull\u00bb disable_on_mobile_img_parallax=\u00bboff\u00bb parallax_content=\u00bboff\u00bb fadeout_row=\u00bboff\u00bb enable_overlay=\u00bbenable_overlay_value\u00bb overlay_color=\u00bbrgba(0,0,0,0.34)\u00bb overlay_pattern=\u00bb09.png\u00bb seperator_enable=\u00bboff\u00bb css=\u00bb.vc_custom_1630615832586{margin-bottom: 0px !important;padding-top: 250px !important;padding-bottom: 160px !important;}\u00bb][vc_column][\/vc_column][\/vc_row][vc_row bg_type=\u00bbbg_color\u00bb seperator_enable=\u00bboff\u00bb][vc_column][\/vc_column][\/vc_row][vc_row css=\u00bb.vc_custom_1437471132163{margin-bottom: 0px !important;}\u00bb][vc_column width=\u00bb1\/3&#8243; css=\u00bb.vc_custom_1437471091665{padding-bottom: 35px !important;}\u00bb][vc_row_inner][vc_column_inner width=\u00bb1\/4&#8243;][vc_single_image onclick=\u00bbcustom_link\u00bb css_animation=\u00bbboc_animate_when_almost_visible boc_left-to-right\u00bb image=\u00bb24051&#8243; link=\u00bbhttps:\/\/www.ibi-international.com\/\/services\/domestico\/\u00bb][\/vc_column_inner][vc_column_inner width=\u00bb3\/4&#8243;][vc_column_text]Con 20 camiones blindados en el sur de la Florida, IBI International Logistics, Inc. ofrece el Servicio de Dinero en Efectivo Transportado para<\/p>\n<div class=\"h10\"><\/div>\n<p><a class=\"more-link1\" href=\"https:\/\/ibi-international.com\/es\/about-us\/\">Read more<\/a><\/p>\n","protected":false},"author":1,"featured_media":0,"parent":0,"menu_order":0,"comment_status":"open","ping_status":"open","template":"","meta":[],"_links":{"self":[{"href":"https:\/\/ibi-international.com\/es\/wp-json\/wp\/v2\/pages\/21517"}],"collection":[{"href":"https:\/\/ibi-international.com\/es\/wp-json\/wp\/v2\/pages"}],"about":[{"href":"https:\/\/ibi-international.com\/es\/wp-json\/wp\/v2\/types\/page"}],"author":[{"embeddable":true,"href":"https:\/\/ibi-international.com\/es\/wp-json\/wp\/v2\/users\/1"}],"replies":[{"embeddable":true,"href":"https:\/\/ibi-international.com\/es\/wp-json\/wp\/v2\/comments?post=21517"}],"version-history":[{"count":92,"href":"https:\/\/ibi-international.com\/es\/wp-json\/wp\/v2\/pages\/21517\/revisions"}],"predecessor-version":[{"id":24395,"href":"https:\/\/ibi-international.com\/es\/wp-json\/wp\/v2\/pages\/21517\/revisions\/24395"}],"wp:attachment":[{"href":"https:\/\/ibi-international.com\/es\/wp-json\/wp\/v2\/media?parent=21517"}],"curies":[{"name":"wp","href":"https:\/\/api.w.org\/{rel}","templated":true}]}}