{"id":21676,"date":"2015-03-26T10:37:55","date_gmt":"2015-03-26T10:37:55","guid":{"rendered":"http:\/\/blueowlcreative.com\/wp\/fortuna_export\/?page_id=21676"},"modified":"2022-01-28T00:24:10","modified_gmt":"2022-01-28T00:24:10","slug":"insurance","status":"publish","type":"page","link":"https:\/\/ibi-international.com\/es\/insurance\/","title":{"rendered":"Seguros"},"content":{"rendered":"<p>[vc_row bg_type=\u00bbimage\u00bb parallax_style=\u00bbvcpb-vz-jquery\u00bb bg_image_new=\u00bb23977&#8243; bg_image_repeat=\u00bbno-repeat\u00bb parallax_sense=\u00bb50&#8243; bg_override=\u00bbfull\u00bb disable_on_mobile_img_parallax=\u00bboff\u00bb parallax_content=\u00bbparallax_content_value\u00bb parallax_content_sense=\u00bb50&#8243; fadeout_row=\u00bboff\u00bb enable_overlay=\u00bbenable_overlay_value\u00bb overlay_color=\u00bbrgba(0,0,0,0.34)\u00bb overlay_pattern=\u00bb09.png\u00bb css=\u00bb.vc_custom_1470319946302{padding-top: 250px !important;padding-bottom: 160px !important;}\u00bb][vc_column]<h1 class=\"boc_heading no_text_transform center  \"  style=\"margin-bottom: 20px;margin-top: 0px;color: #ffffff;font-size: 52px;\"><span>Experiencia y <strong style=\"color: #9c8b5d;\">Seguridad<\/strong><\/span><\/h1><div class=\"boc_divider_holder\"><div class=\"boc_divider  \"  style=\"margin-top: 12px;margin-bottom: 20px;width: 100px;margin-left: auto; margin-right: auto;height: 1px;background: rgba(255,255,255,0.2);\"><\/div><\/div><h2 class=\"boc_heading  center  boc_subheading \"  style=\"margin-bottom: 20px;margin-top: 6px;color: rgba(255,255,255,0.8);font-size: 24px;\"><span>Sus bienes no pueden estar en mejores manos.<\/span><\/h2>[vc_raw_js]JTNDc2NyaXB0JTIwdHlwZSUzRCUyMnRleHQlMkZqYXZhc2NyaXB0JTIyJTNFJTBBalF1ZXJ5JTI4ZnVuY3Rpb24lMjglMjQlMjklMjAlN0IlMEElMjAlMjBqUXVlcnklMjglMjIuY3VzdG9tX21lbnVfNCUyMiUyOS5hZGRDbGFzcyUyOCUyMmN1c3RvbV9tZW51XzMlMjIlMjkucmVtb3ZlQ2xhc3MlMjglMjJjdXN0b21fbWVudV80JTIyJTI5JTNCJTBBJTIwJTIwalF1ZXJ5JTI4JTIyLmhlYWRlcl9jYXJ0JTIyJTI5LmFkZENsYXNzJTI4JTIyc3R5bGVfbGlnaHQlMjIlMjkucmVtb3ZlQ2xhc3MlMjglMjJzdHlsZV9kYXJrJTIyJTI5JTNCJTBBJTBBJTBBJTIwJTIwalF1ZXJ5JTI4JTIyLnRyYW5zcGFyZW50X2xvZ29fZmxpcCUyMiUyOS5hZGRDbGFzcyUyOCUyMnRyYW5zcGFyZW50X2xvZ29fZmFkZSUyMiUyOS5yZW1vdmVDbGFzcyUyOCUyMnRyYW5zcGFyZW50X2xvZ29fZmxpcCUyMiUyOSUzQiUwQSUwQSUyMCUyMGpRdWVyeSUyOCUyMi5zdWJfZmFkZV9pbiUyMiUyOS5hZGRDbGFzcyUyOCUyMnN1Yl9mYWRlX2Zyb21fYnRtJTIyJTI5LnJlbW92ZUNsYXNzJTI4JTIyc3ViX2ZhZGVfaW4lMjIlMjklM0IlMEElN0QlMjklM0IlMjAlMEElMEElMEElM0MlMkZzY3JpcHQlM0U=[\/vc_raw_js][\/vc_column][\/vc_row][vc_row css=\u00bb.vc_custom_1427377115820{margin-bottom: 0px !important;}\u00bb][vc_column width=\u00bb1\/2&#8243; css=\u00bb.vc_custom_1427377437484{padding-top: 60px !important;padding-bottom: 0px !important;}\u00bb][vc_single_image image=\u00bb24018&#8243;][\/vc_column][vc_column width=\u00bb1\/2&#8243; css=\u00bb.vc_custom_1426343275144{padding-top: 140px !important;padding-right: 20px !important;padding-bottom: 80px !important;padding-left: 40px !important;}\u00bb]<h2 class=\"boc_heading no_text_transform letter_spacing_negative al_left  \"  style=\"margin-bottom: 8px;margin-top: 0px;color: #333333;font-size: 33px;\"><span>Bienes <strong class=\"typewriter\">Asegurados<\/strong><\/span><\/h2><div class=\"boc_divider_holder\"><div class=\"boc_divider  \"  style=\"margin-top: 22px;margin-bottom: 22px;width: 100px;height: 1px;background: #eeeeee;\"><\/div><\/div>[vc_column_text]Oro, plata, platino y otros metales preciosos, dinero en monedas y billetes \u2013 incluyendo billetes bancarios firmados o no \u2013 fichas y placas de matr\u00edcula de veh\u00edculos, licencias, joyer\u00eda y piedras preciosas, estampillas de correo y timbres fiscales, cupones de racionamiento, estampillas de defensa, alimentaci\u00f3n y comerciales, giros postales, expresos y otros de dinero, bonos, cupones, certificados de acciones y otros t\u00edtulos de valor, certificados de dep\u00f3sito, letras de cambio, instrumentos negociables, cheques, cartas\/pagares, tarjetas de cr\u00e9dito, cheques de viajeros, conocimientos de embarques, recibos de bodega y\/o cualquier otros documentos comerciales y otros documento y papeles de valor, colecciones de estampillas de filatelia, medicamentos y otros suministros farmac\u00e9uticos y\/o toda la mercanc\u00eda de valor y\/o bienes de todos los tipos y descripciones; todo lo que de aqu\u00ed en adelante se refiere individual o colectivamente como Propiedad.[\/vc_column_text][\/vc_column][\/vc_row][vc_row full_width=\u00bbstretch_row\u00bb css=\u00bb.vc_custom_1628884091351{margin-bottom: 0px !important;border-top-width: 1px !important;border-bottom-width: 1px !important;padding-top: 30px !important;padding-bottom: 30px !important;background-color: #f9f9f9 !important;border-top-color: #eeeeee !important;border-top-style: solid !important;border-bottom-color: #eeeeee !important;border-bottom-style: solid !important;}\u00bb el_class=\u00bbno_text_transform\u00bb][vc_column width=\u00bb1\/3&#8243; css=\u00bb.vc_custom_1427377640887{padding-top: 40px !important;padding-bottom: 40px !important;}\u00bb]<div class=\"side_icon_box large  boc_animate_when_almost_visible\"><span class=\"icon_feat \" style=\"\"><i class=\"icon icon-cash\" style=\"\"><\/i><\/span><h3>Valor Asegurado<\/h3><div class=\"side_icon_box_content\">USD 100,000,000 para cada perdida.<\/div><\/div><div class=\"boc_spacing \" style=\"height: 20px\"><\/div><div class=\"side_icon_box large  boc_animate_when_almost_visible\"><span class=\"icon_feat \" style=\"\"><i class=\"icon icon-diamond\" style=\"\"><\/i><\/span><h3>Metales Preciosos<\/h3><div class=\"side_icon_box_content\">Oro, plata, platino y otros metales preciosos.<\/div><\/div>[\/vc_column][vc_column width=\u00bb1\/3&#8243; css=\u00bb.vc_custom_1427377648398{padding-top: 40px !important;padding-bottom: 40px !important;}\u00bb]<div class=\"side_icon_box large  boc_animate_when_almost_visible\"><span class=\"icon_feat \" style=\"\"><i class=\"icon icon-hotairballoon\" style=\"\"><\/i><\/span><h3>L\u00edmites Geogr\u00e1ficos<\/h3><div class=\"side_icon_box_content\">En todo el mundo, en tr\u00e1nsito o en reposo.<\/div><\/div><div class=\"boc_spacing \" style=\"height: 20px\"><\/div><div class=\"side_icon_box large  boc_animate_when_almost_visible\"><span class=\"icon_feat \" style=\"\"><i class=\"icon icon-heart\" style=\"\"><\/i><\/span><h3>Medicina Asegurada<\/h3><div class=\"side_icon_box_content\">Medicamentos y otros suministros farmac\u00e9uticos.<\/div><\/div>[\/vc_column][vc_column width=\u00bb1\/3&#8243; css=\u00bb.vc_custom_1427377655376{padding-top: 40px !important;padding-bottom: 40px !important;}\u00bb]<div class=\"side_icon_box large  boc_animate_when_almost_visible\"><span class=\"icon_feat \" style=\"\"><i class=\"icon icon-map3\" style=\"\"><\/i><\/span><h3>Destinos M\u00faltiples<\/h3><div class=\"side_icon_box_content\">El l\u00edmite lo ponen sus necesidades.<\/div><\/div><div class=\"boc_spacing \" style=\"height: 20px\"><\/div><div class=\"side_icon_box large  boc_animate_when_almost_visible\"><span class=\"icon_feat \" style=\"\"><i class=\"icon icon-linegraph\" style=\"\"><\/i><\/span><h3>Bolsa de Valores<\/h3><div class=\"side_icon_box_content\">Certificados de acciones y otros t\u00edtulos de valor.<\/div><\/div>[\/vc_column][\/vc_row][vc_row full_width=\u00bbstretch_row\u00bb enable_overlay=\u00bboff\u00bb el_class=\u00bbwhite_text\u00bb css=\u00bb.vc_custom_1630683986846{margin-top: 0px !important;margin-bottom: 0px !important;padding-top: 20px !important;padding-bottom: 24px !important;background-color: #9c8b5d !important;}\u00bb][vc_column]<div class=\"text_box  box_no_bgr \"><div class=\"text_box_content with_button\"><h2>Quiere tener un presupuesto de nuestros servicios?<\/h2>\r\n\t\t\t\t\t<p>Uno de nuestros profesionales evaluar\u00e1 su caso para poder brindarle un servicio a sus requerimientos.<\/p>\r\n\t\t\t\t<\/div><div class=\"btn_holder\"><a\thref=\"\/es\/contact\/\" \r\n\t\t\t\t\tclass=\"button  btn_medium_stretched btn_white btn_rounded btn_outline icon_pos_after \"  target='_self'><span>Cont\u00e1ctenos Ahora!<\/span> <i class='icon icon icon-angle-right2'><\/i> <\/a><\/div><\/div>[\/vc_column][\/vc_row]<\/p>","protected":false},"excerpt":{"rendered":"<p>[vc_row bg_type=\u00bbimage\u00bb parallax_style=\u00bbvcpb-vz-jquery\u00bb bg_image_new=\u00bb23977&#8243; bg_image_repeat=\u00bbno-repeat\u00bb parallax_sense=\u00bb50&#8243; bg_override=\u00bbfull\u00bb disable_on_mobile_img_parallax=\u00bboff\u00bb parallax_content=\u00bbparallax_content_value\u00bb parallax_content_sense=\u00bb50&#8243; fadeout_row=\u00bboff\u00bb enable_overlay=\u00bbenable_overlay_value\u00bb overlay_color=\u00bbrgba(0,0,0,0.34)\u00bb overlay_pattern=\u00bb09.png\u00bb css=\u00bb.vc_custom_1470319946302{padding-top: 250px !important;padding-bottom: 160px !important;}\u00bb][vc_column][vc_raw_js]JTNDc2NyaXB0JTIwdHlwZSUzRCUyMnRleHQlMkZqYXZhc2NyaXB0JTIyJTNFJTBBalF1ZXJ5JTI4ZnVuY3Rpb24lMjglMjQlMjklMjAlN0IlMEElMjAlMjBqUXVlcnklMjglMjIuY3VzdG9tX21lbnVfNCUyMiUyOS5hZGRDbGFzcyUyOCUyMmN1c3RvbV9tZW51XzMlMjIlMjkucmVtb3ZlQ2xhc3MlMjglMjJjdXN0b21fbWVudV80JTIyJTI5JTNCJTBBJTIwJTIwalF1ZXJ5JTI4JTIyLmhlYWRlcl9jYXJ0JTIyJTI5LmFkZENsYXNzJTI4JTIyc3R5bGVfbGlnaHQlMjIlMjkucmVtb3ZlQ2xhc3MlMjglMjJzdHlsZV9kYXJrJTIyJTI5JTNCJTBBJTBBJTBBJTIwJTIwalF1ZXJ5JTI4JTIyLnRyYW5zcGFyZW50X2xvZ29fZmxpcCUyMiUyOS5hZGRDbGFzcyUyOCUyMnRyYW5zcGFyZW50X2xvZ29fZmFkZSUyMiUyOS5yZW1vdmVDbGFzcyUyOCUyMnRyYW5zcGFyZW50X2xvZ29fZmxpcCUyMiUyOSUzQiUwQSUwQSUyMCUyMGpRdWVyeSUyOCUyMi5zdWJfZmFkZV9pbiUyMiUyOS5hZGRDbGFzcyUyOCUyMnN1Yl9mYWRlX2Zyb21fYnRtJTIyJTI5LnJlbW92ZUNsYXNzJTI4JTIyc3ViX2ZhZGVfaW4lMjIlMjklM0IlMEElN0QlMjklM0IlMjAlMEElMEElMEElM0MlMkZzY3JpcHQlM0U=[\/vc_raw_js][\/vc_column][\/vc_row][vc_row css=\u00bb.vc_custom_1427377115820{margin-bottom: 0px !important;}\u00bb][vc_column width=\u00bb1\/2&#8243; css=\u00bb.vc_custom_1427377437484{padding-top: 60px !important;padding-bottom: 0px !important;}\u00bb][vc_single_image image=\u00bb24018&#8243;][\/vc_column][vc_column width=\u00bb1\/2&#8243; css=\u00bb.vc_custom_1426343275144{padding-top: 140px !important;padding-right: 20px !important;padding-bottom: 80px !important;padding-left: 40px !important;}\u00bb][vc_column_text]Oro, plata, platino y otros metales preciosos, dinero en monedas y billetes \u2013 incluyendo billetes bancarios firmados o no \u2013 fichas y<\/p>\n<div class=\"h10\"><\/div>\n<p><a class=\"more-link1\" href=\"https:\/\/ibi-international.com\/es\/insurance\/\">Read more<\/a><\/p>\n","protected":false},"author":1,"featured_media":0,"parent":0,"menu_order":0,"comment_status":"open","ping_status":"closed","template":"","meta":[],"_links":{"self":[{"href":"https:\/\/ibi-international.com\/es\/wp-json\/wp\/v2\/pages\/21676"}],"collection":[{"href":"https:\/\/ibi-international.com\/es\/wp-json\/wp\/v2\/pages"}],"about":[{"href":"https:\/\/ibi-international.com\/es\/wp-json\/wp\/v2\/types\/page"}],"author":[{"embeddable":true,"href":"https:\/\/ibi-international.com\/es\/wp-json\/wp\/v2\/users\/1"}],"replies":[{"embeddable":true,"href":"https:\/\/ibi-international.com\/es\/wp-json\/wp\/v2\/comments?post=21676"}],"version-history":[{"count":76,"href":"https:\/\/ibi-international.com\/es\/wp-json\/wp\/v2\/pages\/21676\/revisions"}],"predecessor-version":[{"id":24397,"href":"https:\/\/ibi-international.com\/es\/wp-json\/wp\/v2\/pages\/21676\/revisions\/24397"}],"wp:attachment":[{"href":"https:\/\/ibi-international.com\/es\/wp-json\/wp\/v2\/media?parent=21676"}],"curies":[{"name":"wp","href":"https:\/\/api.w.org\/{rel}","templated":true}]}}