{"id":23638,"date":"2014-11-13T13:22:00","date_gmt":"2014-11-13T13:22:00","guid":{"rendered":"http:\/\/blueowlcreative.com\/wp\/fortuna_export\/?page_id=2"},"modified":"2021-09-08T22:09:53","modified_gmt":"2021-09-08T22:09:53","slug":"home-page","status":"publish","type":"page","link":"https:\/\/ibi-international.com\/es\/","title":{"rendered":"Inicio"},"content":{"rendered":"<p>[vc_row full_width=\u00bbstretch_row_content_no_spaces\u00bb css=\u00bb.vc_custom_1628884728459{margin-bottom: 0px !important;}\u00bb][vc_column][vc_column_text]\n\t\t\t<!-- START Home Full Screen Slider 1 REVOLUTION SLIDER 6.2.2 --><p class=\"rs-p-wp-fix\"><\/p>\n\t\t\t<rs-module-wrap id=\"rev_slider_7_1_wrapper\" data-source=\"gallery\" style=\"padding:0;margin:0px auto;margin-top:0;margin-bottom:0;\">\n\t\t\t\t<rs-module id=\"rev_slider_7_1\" style=\"display:none;\" data-version=\"6.2.2\">\n\t\t\t\t\t<rs-slides>\n\t\t\t\t\t\t<rs-slide data-key=\"rs-19\" data-title=\"Profesionalismo\" data-thumb=\"\/\/www.ibi-international.com\/wp-content\/uploads\/2015\/12\/inicio-2-1.jpg\" data-anim=\"ei:d;eo:d;s:800;r:0;t:fade;sl:7;\">\n\t\t\t\t\t\t\t<img src=\"\/\/www.ibi-international.com\/wp-content\/uploads\/2015\/12\/inicio-2-1.jpg\" title=\"inicio 2\" width=\"1911\" height=\"1005\" data-bg=\"p:center bottom;\" data-parallax=\"1\" class=\"rev-slidebg\" data-no-retina>\n<!--\n\t\t\t\t\t\t\t--><rs-layer\n\t\t\t\t\t\t\t\tid=\"slider-7-slide-19-layer-2\" \n\t\t\t\t\t\t\t\tclass=\"Fortuna_Big_Title\"\n\t\t\t\t\t\t\t\tdata-type=\"text\"\n\t\t\t\t\t\t\t\tdata-color=\"rgba(255,255,255,1)\"\n\t\t\t\t\t\t\t\tdata-rsp_ch=\"on\"\n\t\t\t\t\t\t\t\tdata-xy=\"y:c;yo:-100px;\"\n\t\t\t\t\t\t\t\tdata-text=\"s:54;l:64;ls:-1px;\"\n\t\t\t\t\t\t\t\tdata-frame_0=\"y:-50px;tp:600;\"\n\t\t\t\t\t\t\t\tdata-frame_1=\"tp:600;e:Strong.easeOut;st:1200;sp:1300;\"\n\t\t\t\t\t\t\t\tdata-frame_999=\"st:w;auto:true;\"\n\t\t\t\t\t\t\t\tstyle=\"z-index:5;font-family:Montserrat;text-transform:uppercase;text-shadow:0px 1px 1px rgba(0,0,0,0.4);\"\n\t\t\t\t\t\t\t>Seguridad, <strong>Rapidez<\/strong> &<br> profesionalismo \n\t\t\t\t\t\t\t<\/rs-layer><!--\n-->\t\t\t\t\t\t<\/rs-slide>\n\t\t\t\t\t\t<rs-slide data-key=\"rs-20\" data-title=\"Siempre Seguros\" data-thumb=\"\/\/www.ibi-international.com\/wp-content\/uploads\/2015\/12\/inicio_3.jpg\" data-anim=\"ei:d;eo:d;s:800;r:0;t:fade;sl:7;\">\n\t\t\t\t\t\t\t<img src=\"\/\/www.ibi-international.com\/wp-content\/uploads\/2015\/12\/inicio_3.jpg\" title=\"inicio_3\" width=\"1911\" height=\"1005\" data-bg=\"p:center top;\" data-parallax=\"1\" class=\"rev-slidebg\" data-no-retina>\n<!--\n\t\t\t\t\t\t\t--><rs-layer\n\t\t\t\t\t\t\t\tid=\"slider-7-slide-20-layer-1\" \n\t\t\t\t\t\t\t\tclass=\"Fortuna_Huge_Title rs-pxl-8\"\n\t\t\t\t\t\t\t\tdata-type=\"text\"\n\t\t\t\t\t\t\t\tdata-color=\"rgba(255,255,255,1)\"\n\t\t\t\t\t\t\t\tdata-rsp_ch=\"on\"\n\t\t\t\t\t\t\t\tdata-xy=\"y:c;yo:-100px;\"\n\t\t\t\t\t\t\t\tdata-text=\"s:54;l:64;ls:-1px;\"\n\t\t\t\t\t\t\t\tdata-frame_0=\"y:-50px;tp:600;\"\n\t\t\t\t\t\t\t\tdata-frame_1=\"tp:600;e:Strong.easeOut;st:1000;sp:1600;\"\n\t\t\t\t\t\t\t\tdata-frame_999=\"st:w;auto:true;\"\n\t\t\t\t\t\t\t\tstyle=\"z-index:5;font-family:Montserrat;text-transform:uppercase;text-shadow:0px 1px 1px rgba(0,0,0,0.4)\ntype:text;\"\n\t\t\t\t\t\t\t>LOG\u00cdSTICA DOM\u00c9STICA <strong>&<\/strong> Internacional<br> <strong>Siempre Seguro<\/strong>  \n\t\t\t\t\t\t\t<\/rs-layer><!--\n\n\t\t\t\t\t\t\t--><rs-layer\n\t\t\t\t\t\t\t\tid=\"slider-7-slide-20-layer-2\" \n\t\t\t\t\t\t\t\tclass=\"Fortuna_Grey_Border rs-pxl-7\"\n\t\t\t\t\t\t\t\tdata-type=\"text\"\n\t\t\t\t\t\t\t\tdata-color=\"rgba(255,255,255,1)\"\n\t\t\t\t\t\t\t\tdata-rsp_ch=\"on\"\n\t\t\t\t\t\t\t\tdata-xy=\"x:c;y:c;yo:-20px;\"\n\t\t\t\t\t\t\t\tdata-text=\"s:15;l:22;\"\n\t\t\t\t\t\t\t\tdata-frame_0=\"sX:0;sY:0;tp:600;\"\n\t\t\t\t\t\t\t\tdata-frame_1=\"tp:600;e:Strong.easeOut;st:1300;sp:600;\"\n\t\t\t\t\t\t\t\tdata-frame_999=\"st:w;auto:true;\"\n\t\t\t\t\t\t\t\tstyle=\"z-index:6;font-family:Arial;width:6em;height:0.15em;\"\n\t\t\t\t\t\t\t>&nbsp; \n\t\t\t\t\t\t\t<\/rs-layer><!--\n-->\t\t\t\t\t\t<\/rs-slide>\n\t\t\t\t\t<\/rs-slides>\n\t\t\t\t\t<rs-progress class=\"rs-bottom\" style=\"height: 5px; background: rgba(0,0,0,0.15);\"><\/rs-progress>\n\t\t\t\t<\/rs-module>\n\t\t\t\t<script type=\"text\/javascript\">\n\t\t\t\t\tsetREVStartSize({c: 'rev_slider_7_1',rl:[1240,1024,778,480],el:[800],gw:[1200],gh:[800],type:'standard',justify:'',layout:'fullwidth',mh:\"0\"});\n\t\t\t\t\tvar\trevapi7,\n\t\t\t\t\t\ttpj;\n\t\t\t\t\tjQuery(function() {\n\t\t\t\t\t\ttpj = jQuery;\n\t\t\t\t\t\ttpj.noConflict();\n\t\t\t\t\t\tif(tpj(\"#rev_slider_7_1\").revolution == undefined){\n\t\t\t\t\t\t\trevslider_showDoubleJqueryError(\"#rev_slider_7_1\");\n\t\t\t\t\t\t}else{\n\t\t\t\t\t\t\trevapi7 = tpj(\"#rev_slider_7_1\").show().revolution({\n\t\t\t\t\t\t\t\tjsFileLocation:\"\/\/ibi-international.com\/wp-content\/plugins\/revslider\/public\/assets\/js\/\",\n\t\t\t\t\t\t\t\tsliderLayout:\"fullwidth\",\n\t\t\t\t\t\t\t\tduration:7000,\n\t\t\t\t\t\t\t\tvisibilityLevels:\"1240,1024,778,480\",\n\t\t\t\t\t\t\t\tgridwidth:1200,\n\t\t\t\t\t\t\t\tgridheight:800,\n\t\t\t\t\t\t\t\tmaxHeight:\"588px\",\n\t\t\t\t\t\t\t\teditorheight:\"800,768,960,720\",\n\t\t\t\t\t\t\t\tresponsiveLevels:\"1240,1024,778,480\",\n\t\t\t\t\t\t\t\tshuffle:true,\n\t\t\t\t\t\t\t\tnavigation: {\n\t\t\t\t\t\t\t\t\tmouseScrollNavigation:false,\n\t\t\t\t\t\t\t\t\tonHoverStop:false,\n\t\t\t\t\t\t\t\t\ttouch: {\n\t\t\t\t\t\t\t\t\t\ttouchenabled:true,\n\t\t\t\t\t\t\t\t\t\tswipe_threshold:0\n\t\t\t\t\t\t\t\t\t},\n\t\t\t\t\t\t\t\t\tarrows: {\n\t\t\t\t\t\t\t\t\t\tenable:true,\n\t\t\t\t\t\t\t\t\t\ttmp:\"<div class=\\\"tp-arr-allwrapper\\\">\t<div class=\\\"tp-arr-imgholder\\\"><\/div>\t<div class=\\\"tp-arr-titleholder\\\">{{title}}<\/div>\t<\/div>\",\n\t\t\t\t\t\t\t\t\t\tstyle:\"hermes\",\n\t\t\t\t\t\t\t\t\t\thide_onleave:true,\n\t\t\t\t\t\t\t\t\t\tleft: {\n\t\t\t\t\t\t\t\t\t\t\th_offset:0\n\t\t\t\t\t\t\t\t\t\t},\n\t\t\t\t\t\t\t\t\t\tright: {\n\t\t\t\t\t\t\t\t\t\t\th_offset:0\n\t\t\t\t\t\t\t\t\t\t}\n\t\t\t\t\t\t\t\t\t}\n\t\t\t\t\t\t\t\t},\n\t\t\t\t\t\t\t\tparallax: {\n\t\t\t\t\t\t\t\t\tlevels:[5,10,15,20,25,30,35,40,45,50,47,48,49,50,51,55],\n\t\t\t\t\t\t\t\t\ttype:\"scroll\"\n\t\t\t\t\t\t\t\t},\n\t\t\t\t\t\t\t\tfallbacks: {\n\t\t\t\t\t\t\t\t\tignoreHeightChanges:\"\",\n\t\t\t\t\t\t\t\t\tallowHTML5AutoPlayOnAndroid:true\n\t\t\t\t\t\t\t\t},\n\t\t\t\t\t\t\t});\n\t\t\t\t\t\t\tjQuery(window).on('scroll',function() {\n    var wh = jQuery(this).height();\n  \tjQuery('.tp-parallax-container').each(function() {\n        var layer = jQuery(this);\n    \tvar po = Math.abs(layer.data('parallaxoffset'));  \n        po = po - 20;\n        if (po<0) po = 0;\n        po = 1 - (po \/ 100);  \n        \/\/ Set the value -> po \/ 90)  higher to make a slower Fade Out, \n        \/\/and set it lower to make a quicker fade out.       \n        punchgs.TweenLite.to(layer,0.2,{opacity:po});\n  });\n});\n\t\t\t\t\t\t}\n\t\t\t\t\t\t\n\t\t\t\t\t});\n\t\t\t\t<\/script>\n\t\t\t\t<script>\n\t\t\t\t\tvar htmlDivCss = unescape(\".tp-bannertimer%20%7B%0A%09background%3A%20rgba%280%2C0%2C0%2C0.3%29%3B%0A%7D%0A.tparrows.preview4%2C.tparrows.preview4%3Aafter%20%7B%0A%09width%3A%2060px%3B%0A%7D%0A.tp-leftarrow.preview4%3Aafter%7B%20%0A%20%20%20%20border-radius%3A%200%204px%204px%200%3B%0A%7D%0A.tp-rightarrow.preview4%3Aafter%7B%20%0A%20%20%20%20border-radius%3A%204px%200%200%204px%3B%0A%7D%0A.tparrows.preview4%20.tp-arr-allwrapper%20%7B%0A%09left%3A%20-120px%3B%0A%7D%0A.tp-leftarrow.preview4%20.tp-arr-allwrapper%20%7B%0A%09left%3A%200px%3B%0A%7D%0A%0A.rev_slider_wrapper%2C%20.rev_slider%2C%20.tp-fullwidth-forcer%2C%20.rev_slider%20.tp-bgimg.defaultimg%20%7B%0A%20%20%20%20max-height%3A%20588px%20%21important%3B%0A%0A%7D\");\n\t\t\t\t\tvar htmlDiv = document.getElementById('rs-plugin-settings-inline-css');\n\t\t\t\t\tif(htmlDiv) {\n\t\t\t\t\t\thtmlDiv.innerHTML = htmlDiv.innerHTML + htmlDivCss;\n\t\t\t\t\t}else{\n\t\t\t\t\t\tvar htmlDiv = document.createElement('div');\n\t\t\t\t\t\thtmlDiv.innerHTML = '<style>' + htmlDivCss + '<\/style>';\n\t\t\t\t\t\tdocument.getElementsByTagName('head')[0].appendChild(htmlDiv.childNodes[0]);\n\t\t\t\t\t}\n\t\t\t\t<\/script>\n\t\t\t\t<script>\n\t\t\t\t\tvar htmlDivCss = unescape(\"%23rev_slider_7_1_wrapper%20.hermes.tparrows%20%7B%0A%09cursor%3Apointer%3B%0A%09background%3Argba%280%2C0%2C0%2C0.5%29%3B%0A%09width%3A30px%3B%0A%09height%3A110px%3B%0A%09position%3Aabsolute%3B%0A%09display%3Ablock%3B%0A%09z-index%3A1000%3B%0A%7D%0A%0A%23rev_slider_7_1_wrapper%20.hermes.tparrows%3Abefore%20%7B%0A%09font-family%3A%20%27revicons%27%3B%0A%09font-size%3A15px%3B%0A%09color%3A%23ffffff%3B%0A%09display%3Ablock%3B%0A%09line-height%3A%20110px%3B%0A%09text-align%3A%20center%3B%0A%20%20%20%20transform%3Atranslatex%280px%29%3B%0A%20%20%20%20-webkit-transform%3Atranslatex%280px%29%3B%0A%20%20%20%20transition%3Aall%200.3s%3B%0A%20%20%20%20-webkit-transition%3Aall%200.3s%3B%0A%7D%0A%23rev_slider_7_1_wrapper%20.hermes.tparrows.tp-leftarrow%3Abefore%20%7B%0A%09content%3A%20%27%5Ce824%27%3B%0A%7D%0A%23rev_slider_7_1_wrapper%20.hermes.tparrows.tp-rightarrow%3Abefore%20%7B%0A%09content%3A%20%27%5Ce825%27%3B%0A%7D%0A%23rev_slider_7_1_wrapper%20.hermes.tparrows.tp-leftarrow%3Ahover%3Abefore%20%7B%0A%20%20%20%20transform%3Atranslatex%28-20px%29%3B%0A%20%20%20%20-webkit-transform%3Atranslatex%28-20px%29%3B%0A%20%20%20%20%20opacity%3A0%3B%0A%7D%0A%23rev_slider_7_1_wrapper%20.hermes.tparrows.tp-rightarrow%3Ahover%3Abefore%20%7B%0A%20%20%20%20transform%3Atranslatex%2820px%29%3B%0A%20%20%20%20-webkit-transform%3Atranslatex%2820px%29%3B%0A%20%20%20%20%20opacity%3A0%3B%0A%7D%0A%0A%23rev_slider_7_1_wrapper%20.hermes%20.tp-arr-allwrapper%20%7B%0A%20%20%20%20overflow%3Ahidden%3B%0A%20%20%20%20position%3Aabsolute%3B%0A%09width%3A180px%3B%0A%20%20%20%20height%3A140px%3B%0A%20%20%20%20top%3A0px%3B%0A%20%20%20%20left%3A0px%3B%0A%20%20%20%20visibility%3Ahidden%3B%0A%20%20%20%20%20%20-webkit-transition%3A%20-webkit-transform%200.3s%200.3s%3B%0A%20%20transition%3A%20transform%200.3s%200.3s%3B%0A%20%20-webkit-perspective%3A%201000px%3B%0A%20%20perspective%3A%201000px%3B%0A%20%20%20%20%7D%0A%23rev_slider_7_1_wrapper%20.hermes.tp-rightarrow%20.tp-arr-allwrapper%20%7B%0A%20%20%20right%3A0px%3Bleft%3Aauto%3B%0A%20%20%20%20%20%20%7D%0A%23rev_slider_7_1_wrapper%20.hermes.tparrows%3Ahover%20.tp-arr-allwrapper%20%7B%0A%20%20%20visibility%3Avisible%3B%0A%20%20%20%20%20%20%20%20%20%20%7D%0A%23rev_slider_7_1_wrapper%20.hermes%20.tp-arr-imgholder%20%7B%0A%20%20width%3A180px%3Bposition%3Aabsolute%3B%0A%20%20left%3A0px%3Btop%3A0px%3Bheight%3A110px%3B%0A%20%20transform%3Atranslatex%28-180px%29%3B%0A%20%20-webkit-transform%3Atranslatex%28-180px%29%3B%0A%20%20transition%3Aall%200.3s%3B%0A%20%20transition-delay%3A0.3s%3B%0A%7D%0A%23rev_slider_7_1_wrapper%20.hermes.tp-rightarrow%20.tp-arr-imgholder%7B%0A%20%20%20%20transform%3Atranslatex%28180px%29%3B%0A%20%20-webkit-transform%3Atranslatex%28180px%29%3B%0A%20%20%20%20%20%20%7D%0A%20%20%0A%23rev_slider_7_1_wrapper%20.hermes.tparrows%3Ahover%20.tp-arr-imgholder%20%7B%0A%20%20%20transform%3Atranslatex%280px%29%3B%0A%20%20%20-webkit-transform%3Atranslatex%280px%29%3B%20%20%20%20%20%20%20%20%20%20%20%20%0A%7D%0A%23rev_slider_7_1_wrapper%20.hermes%20.tp-arr-titleholder%20%7B%0A%20%20top%3A110px%3B%0A%20%20width%3A180px%3B%0A%20%20text-align%3Aleft%3B%20%0A%20%20display%3Ablock%3B%0A%20%20padding%3A0px%2010px%3B%0A%20%20line-height%3A30px%3B%20background%3A%23000%3B%0A%20%20background%3Argba%280%2C0%2C0%2C0.75%29%3B%0A%20%20color%3A%23ffffff%3B%0A%20%20font-weight%3A600%3B%20position%3Aabsolute%3B%0A%20%20font-size%3A12px%3B%0A%20%20white-space%3Anowrap%3B%0A%20%20letter-spacing%3A1px%3B%0A%20%20-webkit-transition%3A%20all%200.3s%3B%0A%20%20transition%3A%20all%200.3s%3B%0A%20%20-webkit-transform%3A%20rotatex%28-90deg%29%3B%0A%20%20transform%3A%20rotatex%28-90deg%29%3B%0A%20%20-webkit-transform-origin%3A%2050%25%200%3B%0A%20%20transform-origin%3A%2050%25%200%3B%0A%20%20box-sizing%3Aborder-box%3B%0A%0A%7D%0A%23rev_slider_7_1_wrapper%20.hermes.tparrows%3Ahover%20.tp-arr-titleholder%20%7B%0A%20%20%20%20-webkit-transition-delay%3A%200.6s%3B%0A%20%20transition-delay%3A%200.6s%3B%0A%20%20-webkit-transform%3A%20rotatex%280deg%29%3B%0A%20%20transform%3A%20rotatex%280deg%29%3B%0A%7D%0A%0A\");\n\t\t\t\t\tvar htmlDiv = document.getElementById('rs-plugin-settings-inline-css');\n\t\t\t\t\tif(htmlDiv) {\n\t\t\t\t\t\thtmlDiv.innerHTML = htmlDiv.innerHTML + htmlDivCss;\n\t\t\t\t\t}else{\n\t\t\t\t\t\tvar htmlDiv = document.createElement('div');\n\t\t\t\t\t\thtmlDiv.innerHTML = '<style>' + htmlDivCss + '<\/style>';\n\t\t\t\t\t\tdocument.getElementsByTagName('head')[0].appendChild(htmlDiv.childNodes[0]);\n\t\t\t\t\t}\n\t\t\t\t<\/script>\n\t\t\t\t<script>\n\t\t\t\t\tvar htmlDivCss = unescape(\"%0A%0A\");\n\t\t\t\t\tvar htmlDiv = document.getElementById('rs-plugin-settings-inline-css');\n\t\t\t\t\tif(htmlDiv) {\n\t\t\t\t\t\thtmlDiv.innerHTML = htmlDiv.innerHTML + htmlDivCss;\n\t\t\t\t\t}else{\n\t\t\t\t\t\tvar htmlDiv = document.createElement('div');\n\t\t\t\t\t\thtmlDiv.innerHTML = '<style>' + htmlDivCss + '<\/style>';\n\t\t\t\t\t\tdocument.getElementsByTagName('head')[0].appendChild(htmlDiv.childNodes[0]);\n\t\t\t\t\t}\n\t\t\t\t<\/script>\n\t\t\t<\/rs-module-wrap>\n\t\t\t<!-- END REVOLUTION SLIDER -->\n[\/vc_column_text][\/vc_column][\/vc_row][vc_row full_width=\u00bbstretch_row\u00bb css=\u00bb.vc_custom_1630620098238{background-color: #9c8b5d !important;}\u00bb el_id=\u00bbtrack\u00bb][vc_column][vc_column_text css=\u00bb.vc_custom_1630705927843{padding-top: 20px !important;background-position: center !important;background-repeat: no-repeat !important;background-size: contain !important;}\u00bb]<\/p>\n<form action=\"http:\/\/connect.track-trace.com\/for\/transvalue16\" method=\"post\" target=\"_blank\"><span style=\"float: left; margin-right: 20px; color: #fff;\">Rastree su embarque Aqu\u00ed\u00ad<\/span><input name=\"shipper\" type=\"hidden\" value=\"aircargo\" \/><input style=\"float: left;\" name=\"number\" type=\"text\" \/><input style=\"float: left;\" type=\"submit\" value=\"Rastrear\" \/><\/form>\n<p>[\/vc_column_text][\/vc_column][\/vc_row][vc_row css=\u00bb.vc_custom_1471375372026{margin-top: 20px !important;margin-bottom: 15px !important;}\u00bb][vc_column width=\u00bb1\/3&#8243; css=\u00bb.vc_custom_1428565460787{padding-right: 30px !important;padding-left: 30px !important;}\u00bb][vc_single_image alignment=\u00bbcenter\u00bb css_animation=\u00bbboc_animate_when_almost_visible boc_fade-in\u00bb image=\u00bb24336&#8243; el_class=\u00bbicon_img\u00bb]<h3 class=\"boc_heading  center  \"  style=\"margin-bottom: 20px;margin-top: 0px;color: #333;\"><span>Dinero en Efectivo Transportado<\/span><\/h3><div class=\"boc_divider_holder\"><div class=\"boc_divider  \"  style=\"margin-top: 20px;margin-bottom: 20px;width: 50%;margin-left: auto; margin-right: auto;height: 1px;background: #e2e2e2;\"><\/div><\/div>[vc_column_text]<\/p>\n<p style=\"text-align: center;\">Con 20 camiones blindados, IBI International Logistics, Inc. ofrece este servicio, para sus clientes en la zona sur de la Florida.<\/p>\n<p>[\/vc_column_text][\/vc_column][vc_column width=\u00bb1\/3&#8243; css=\u00bb.vc_custom_1428565465763{padding-right: 30px !important;padding-left: 30px !important;}\u00bb][vc_single_image alignment=\u00bbcenter\u00bb css_animation=\u00bbboc_animate_when_almost_visible boc_fade-in\u00bb image=\u00bb24337&#8243; el_class=\u00bbicon_img\u00bb]<h3 class=\"boc_heading  center  \"  style=\"margin-bottom: 20px;margin-top: 0px;color: #333;\"><span>Procesamiento de Dinero en Efectivo<\/span><\/h3><div class=\"boc_divider_holder\"><div class=\"boc_divider  \"  style=\"margin-top: 20px;margin-bottom: 20px;width: 50%;margin-left: auto; margin-right: auto;height: 1px;background: #e2e2e2;\"><\/div><\/div>[vc_column_text]<\/p>\n<p style=\"text-align: center;\">Con m\u00e1quinas de \u00faltima generaci\u00f3n para procesar el dinero en efectivo, IBI International Logistics, Inc. puede procesar consignaciones en efectivo.<\/p>\n<p>[\/vc_column_text][\/vc_column][vc_column width=\u00bb1\/3&#8243; css=\u00bb.vc_custom_1428565470643{padding-right: 30px !important;padding-left: 30px !important;}\u00bb][vc_single_image alignment=\u00bbcenter\u00bb css_animation=\u00bbboc_animate_when_almost_visible boc_fade-in\u00bb image=\u00bb24339&#8243; el_class=\u00bbicon_img\u00bb]<h3 class=\"boc_heading  center  \"  style=\"margin-bottom: 20px;margin-top: 0px;color: #333;\"><span>Metales Preciosos \/ Sector Minero<\/span><\/h3><div class=\"boc_divider_holder\"><div class=\"boc_divider  \"  style=\"margin-top: 20px;margin-bottom: 20px;width: 50%;margin-left: auto; margin-right: auto;height: 1px;background: #e2e2e2;\"><\/div><\/div>[vc_column_text]<\/p>\n<p style=\"text-align: center;\">IBI International Logistics, Inc.\u00a0es consciente de la importancia de seguridad, as\u00ed como la eficiencia del tiempo en esta industria.<\/p>\n<p>[\/vc_column_text][\/vc_column][\/vc_row][vc_row css=\u00bb.vc_custom_1435960174528{margin-bottom: 15px !important;}\u00bb][vc_column width=\u00bb1\/3&#8243; css=\u00bb.vc_custom_1428565485922{padding-right: 30px !important;padding-left: 30px !important;}\u00bb][vc_single_image alignment=\u00bbcenter\u00bb css_animation=\u00bbboc_animate_when_almost_visible boc_fade-in\u00bb image=\u00bb24343&#8243; el_class=\u00bbicon_img\u00bb]<h3 class=\"boc_heading  center  \"  style=\"margin-bottom: 20px;margin-top: 0px;color: #333;\"><span>Billetes Bancarios<\/span><\/h3><div class=\"boc_divider_holder\"><div class=\"boc_divider  \"  style=\"margin-top: 20px;margin-bottom: 20px;width: 50%;margin-left: auto; margin-right: auto;height: 1px;background: #e2e2e2;\"><\/div><\/div>[vc_column_text]<\/p>\n<p style=\"text-align: center;\">Por mucho tiempo IBI International Logistics, Inc. ha sido l\u00edder en el env\u00edo internacional de billetes bancarios entre instituciones financieras.<\/p>\n<p>[\/vc_column_text]<div class=\"boc_spacing \" style=\"height: 20px\"><\/div>[\/vc_column][vc_column width=\u00bb1\/3&#8243; css=\u00bb.vc_custom_1428565480946{padding-right: 30px !important;padding-left: 30px !important;}\u00bb][vc_single_image alignment=\u00bbcenter\u00bb css_animation=\u00bbboc_animate_when_almost_visible boc_fade-in\u00bb image=\u00bb24345&#8243; el_class=\u00bbicon_img\u00bb]<h3 class=\"boc_heading  center  \"  style=\"margin-bottom: 20px;margin-top: 0px;color: #333;\"><span>Otra Mercanc\u00eda de Valor<\/span><\/h3><div class=\"boc_divider_holder\"><div class=\"boc_divider  \"  style=\"margin-top: 20px;margin-bottom: 20px;width: 50%;margin-left: auto; margin-right: auto;height: 1px;background: #e2e2e2;\"><\/div><\/div>[vc_column_text]<\/p>\n<p style=\"text-align: center;\">Tales como metales preciosos, piedras preciosas, joyer\u00eda, tarjetas de cr\u00e9dito, cintas de datos y otras mercanc\u00edas de valor parecidas.<\/p>\n<p>[\/vc_column_text]<div class=\"boc_spacing \" style=\"height: 20px\"><\/div>[\/vc_column][vc_column width=\u00bb1\/3&#8243; css=\u00bb.vc_custom_1428565476090{padding-right: 30px !important;padding-left: 30px !important;}\u00bb][vc_single_image alignment=\u00bbcenter\u00bb css_animation=\u00bbboc_animate_when_almost_visible boc_fade-in\u00bb image=\u00bb24346&#8243; el_class=\u00bbicon_img\u00bb]<h3 class=\"boc_heading  center  \"  style=\"margin-bottom: 20px;margin-top: 0px;color: #333;\"><span>Env\u00edo de Paquetes Peque\u00f1os<\/span><\/h3><div class=\"boc_divider_holder\"><div class=\"boc_divider  \"  style=\"margin-top: 20px;margin-bottom: 20px;width: 50%;margin-left: auto; margin-right: auto;height: 1px;background: #e2e2e2;\"><\/div><\/div>[vc_column_text]<\/p>\n<p style=\"text-align: center;\">IBI International Logistics, Inc. puede enviar los paquetes peque\u00f1os de sus clientes a trav\u00e9s de los Estados Unidos y en el extranjero.<\/p>\n<p>[\/vc_column_text]<div class=\"boc_spacing \" style=\"height: 20px\"><\/div>[\/vc_column][\/vc_row][vc_row full_width=\u00bbstretch_row_content_no_spaces\u00bb icon_type=\u00bbno_icon\u00bb icon_size=\u00bb32&#8243; icon_style=\u00bbnone\u00bb icon_color_border=\u00bb#333333&#8243; icon_border_size=\u00bb1&#8243; icon_border_radius=\u00bb500&#8243; icon_border_spacing=\u00bb50&#8243; img_width=\u00bb48&#8243; el_class=\u00bbno_text_transform\u00bb css=\u00bb.vc_custom_1467829307877{margin-bottom: 0px !important;}\u00bb][vc_column css=\u00bb.vc_custom_1630622761026{padding-top: 100px !important;padding-right: 300px !important;padding-bottom: 100px !important;padding-left: 300px !important;background-color: #000000 !important;}\u00bb el_class=\u00bbequal_height_column no_side_padding_in_responsive_column white_text center\u00bb]<h2 class=\"boc_heading  center  \"  style=\"margin-bottom: 20px;margin-top: 0px;color: #ffffff;font-size: 32px;\"><span>Sobre <strong> nosotros<\/strong><\/span><\/h2><div class=\"boc_divider_holder\"><div class=\"boc_divider  \"  style=\"margin-top: 20px;margin-bottom: 20px;width: 100px;margin-left: auto; margin-right: auto;height: 1px;background: rgba(255,255,255,0.17);\"><\/div><\/div>[vc_column_text]IBI International Logistics Inc. ubicada estrat\u00e9gicamente en Miami, Florida, brinda soluciones seguras para las necesidades de carga de alto valor, como procesamiento de efectivo, almacenamiento, efectivo en tr\u00e1nsito, con un enfoque en el transporte internacional de carga valiosa.[\/vc_column_text]<div class=\"boc_spacing \" style=\"height: 10px\"><\/div><a\thref=\"\/es\/about-us\/\" \n\t\t\t\tclass=\"button btn_medium btn_white btn_circled btn_outline icon_pos_after btn_icon_anim_out  \"  target='_self'><span>Sepa m\u00e1s<\/span> <i class='icon icon-arrow-right6'><\/i> <\/a>[\/vc_column][\/vc_row][vc_row full_width=\u00bbstretch_row_content_no_spaces\u00bb css=\u00bb.vc_custom_1468247456057{margin-top: 0px !important;margin-bottom: 0px !important;border-top-width: 0px !important;background-color: #f7f7f7 !important;border-top-color: #eeeeee !important;border-top-style: solid !important;}\u00bb][vc_column width=\u00bb5\/12&#8243; css=\u00bb.vc_custom_1468247326664{padding-top: 0px !important;padding-bottom: 0px !important;}\u00bb][vc_single_image css_animation=\u00bbboc_animate_when_almost_visible boc_left-to-right\u00bb image=\u00bb24250&#8243;][\/vc_column][vc_column width=\u00bb7\/12&#8243; css=\u00bb.vc_custom_1426452890700{padding-top: 100px !important;}\u00bb el_class=\u00bbno_margin_in_responsive_column\u00bb]<div class=\"boc_spacing \" style=\"height: 40px\"><\/div><h2 class=\"boc_heading no_text_transform letter_spacing_negative al_left  \"  style=\"margin-bottom: 5px;margin-top: 0px;color: #333333;font-size: 36px;\"><span>La <strong>Seguridad<\/strong> la ponemos nosotros<\/span><\/h2><h3 class=\"boc_heading  al_left  boc_subheading \"  style=\"margin-bottom: 20px;margin-top: 0px;color: #adadad;\"><span>Nuestro equipo de profesionales esta preparado<\/span><\/h3><div class=\"boc_divider_holder\"><div class=\"boc_divider  \"  style=\"margin-top: 20px;margin-bottom: 20px;width: 100px;height: 2px;background: #eeeeee;\"><\/div><\/div>[vc_column_text]Porque sabemos lo que es importante para usted. Somos una empresa que se ocupa, nuestro equipo de profesionales altamente calificados, le brinda la seguridad que sus bienes necesitan.[\/vc_column_text]<div class=\"boc_spacing \" style=\"height: 20px\"><\/div><a\thref=\"\/es\/contact\/\" \n\t\t\t\tclass=\"button btn_small btn_theme_color btn_rounded btn_normal_style icon_pos_after btn_icon_anim_out  \"  target='_self'><span>Contactenos!<\/span> <i class='icon icon-arrow-right6'><\/i> <\/a><div class=\"boc_spacing \" style=\"height: 40px\"><\/div>[\/vc_column][\/vc_row][vc_row full_width=\u00bbstretch_row\u00bb enable_overlay=\u00bboff\u00bb el_class=\u00bbwhite_text\u00bb css=\u00bb.vc_custom_1630620517974{margin-bottom: 0px !important;padding-top: 24px !important;padding-bottom: 20px !important;background-color: #9c8b5d !important;}\u00bb][vc_column]<div class=\"text_box no_text_transform body_font white_text box_no_bgr \"><div class=\"text_box_content with_button\"><h2><\/h2>\r\n\t\t\t\t\t<p><\/p>\n<h2>Conozca nuestros Servicios de Bienes Asegurados<\/h2>\n<p><\/p>\r\n\t\t\t\t<\/div><div class=\"btn_holder\"><a\thref=\"\/es\/insurance\/\" \r\n\t\t\t\t\tclass=\"button  btn_medium_stretched btn_white btn_circled btn_outline icon_pos_after \"  target='_self'><span>Clic Aqu\u00ed<\/span> <i class='icon icon icon-angle-right2'><\/i> <\/a><\/div><\/div>[\/vc_column][\/vc_row]<\/p>","protected":false},"excerpt":{"rendered":"<p>[vc_row full_width=\u00bbstretch_row_content_no_spaces\u00bb css=\u00bb.vc_custom_1628884728459{margin-bottom: 0px !important;}\u00bb][vc_column][vc_column_text][\/vc_column_text][\/vc_column][\/vc_row][vc_row full_width=\u00bbstretch_row\u00bb css=\u00bb.vc_custom_1630620098238{background-color: #9c8b5d !important;}\u00bb el_id=\u00bbtrack\u00bb][vc_column][vc_column_text css=\u00bb.vc_custom_1630705927843{padding-top: 20px !important;background-position: center !important;background-repeat: no-repeat !important;background-size: contain !important;}\u00bb] Rastree su embarque Aqu\u00ed\u00ad [\/vc_column_text][\/vc_column][\/vc_row][vc_row css=\u00bb.vc_custom_1471375372026{margin-top: 20px !important;margin-bottom: 15px !important;}\u00bb][vc_column width=\u00bb1\/3&#8243; css=\u00bb.vc_custom_1428565460787{padding-right: 30px !important;padding-left: 30px !important;}\u00bb][vc_single_image alignment=\u00bbcenter\u00bb css_animation=\u00bbboc_animate_when_almost_visible boc_fade-in\u00bb image=\u00bb24336&#8243; el_class=\u00bbicon_img\u00bb][vc_column_text] Con 20 camiones blindados, IBI International Logistics, Inc. ofrece este servicio, para sus clientes en la zona sur de la<\/p>\n<div class=\"h10\"><\/div>\n<p><a class=\"more-link1\" href=\"https:\/\/ibi-international.com\/es\/\">Read more<\/a><\/p>\n","protected":false},"author":1,"featured_media":0,"parent":0,"menu_order":0,"comment_status":"open","ping_status":"closed","template":"","meta":[],"_links":{"self":[{"href":"https:\/\/ibi-international.com\/es\/wp-json\/wp\/v2\/pages\/23638"}],"collection":[{"href":"https:\/\/ibi-international.com\/es\/wp-json\/wp\/v2\/pages"}],"about":[{"href":"https:\/\/ibi-international.com\/es\/wp-json\/wp\/v2\/types\/page"}],"author":[{"embeddable":true,"href":"https:\/\/ibi-international.com\/es\/wp-json\/wp\/v2\/users\/1"}],"replies":[{"embeddable":true,"href":"https:\/\/ibi-international.com\/es\/wp-json\/wp\/v2\/comments?post=23638"}],"version-history":[{"count":114,"href":"https:\/\/ibi-international.com\/es\/wp-json\/wp\/v2\/pages\/23638\/revisions"}],"predecessor-version":[{"id":24386,"href":"https:\/\/ibi-international.com\/es\/wp-json\/wp\/v2\/pages\/23638\/revisions\/24386"}],"wp:attachment":[{"href":"https:\/\/ibi-international.com\/es\/wp-json\/wp\/v2\/media?parent=23638"}],"curies":[{"name":"wp","href":"https:\/\/api.w.org\/{rel}","templated":true}]}}