{"id":23846,"date":"2016-02-03T18:59:23","date_gmt":"2016-02-03T18:59:23","guid":{"rendered":"https:\/\/www.transvalueinc.net\/\/?page_id=23846"},"modified":"2022-01-28T00:28:20","modified_gmt":"2022-01-28T00:28:20","slug":"domestico","status":"publish","type":"page","link":"https:\/\/ibi-international.com\/es\/services\/domestico\/","title":{"rendered":"Dom\u00e9stico"},"content":{"rendered":"<p>[vc_row full_width=\u00bbstretch_row\u00bb bg_type=\u00bbimage\u00bb parallax_style=\u00bbvcpb-vz-jquery\u00bb bg_image_new=\u00bb24259&#8243; bg_image_repeat=\u00bbno-repeat\u00bb parallax_sense=\u00bb40&#8243; disable_on_mobile_img_parallax=\u00bboff\u00bb parallax_content=\u00bboff\u00bb fadeout_row=\u00bboff\u00bb enable_overlay=\u00bbenable_overlay_value\u00bb overlay_color=\u00bbrgba(0,0,0,0.34)\u00bb overlay_pattern=\u00bb09.png\u00bb css=\u00bb.vc_custom_1630616525401{margin-bottom: 0px !important;padding-top: 250px !important;padding-bottom: 160px !important;}\u00bb][vc_column]<h1 class=\"boc_heading  center  \"  style=\"margin-bottom: 12px;margin-top: 0px;color: #ffffff;font-size: 52px;\"><span>M\u00e1s de <strong style=\"color: #9c8b5d;\">30 a\u00f1os <\/strong>de experiencia en la industria<\/span><\/h1><div class=\"boc_divider_holder\"><div class=\"boc_divider  \"  style=\"margin-top: 16px;margin-bottom: 20px;width: 100px;margin-left: auto; margin-right: auto;height: 1px;background: rgba(255,255,255,0.15);\"><\/div><\/div><h2 class=\"boc_heading  center  boc_subheading \"  style=\"margin-bottom: 20px;margin-top: 0px;color: rgba(255,255,255,0.8);font-size: 26px;\"><span>Nuestro equipo est\u00e1 preparado para ayudar en la planificaci\u00f3n y la coordinaci\u00f3n<\/span><\/h2>[\/vc_column][\/vc_row][vc_row][vc_column]<div class=\"boc_spacing \" style=\"height: 80px\"><\/div><h2 class=\"boc_heading  center  \"  style=\"margin-bottom: 20px;margin-top: 0px;color: #333333;font-size: 36px;\"><span>Servicio<strong> Dom\u00e9stico<\/strong><\/span><\/h2><div class=\"boc_divider_holder\"><div class=\"boc_divider  \"  style=\"margin-top: 20px;margin-bottom: 20px;width: 100px;margin-left: auto; margin-right: auto;height: 2px;background: #eeeeee;\"><\/div><\/div><h3 class=\"boc_heading  center  boc_subheading \"  style=\"margin-bottom: 20px;margin-top: 0px;color: #afafaf;\"><span>Somos un equipo de trabajo apasionado por lo que hacemos.<\/span><\/h3><div class=\"boc_spacing \" style=\"height: 20px\"><\/div>[\/vc_column][\/vc_row][vc_row][vc_column width=\u00bb1\/3&#8243;]\r\n\t\t\t\t<a target=\"_self\" href=\"javascript:void(0)\"  style=\"cursor: default;\" class=\"pic_info_link_type4\">\r\n\t\t\t\t  <div class=\"boc_image_box portfolio_animator_class  \">\r\n\t\t\t\t\t<div class=\"pic_info type4\">\r\n\t\t\t\t\t\t<div class=\"pic \"><div class=\"plus_overlay\"><\/div><div class=\"plus_overlay_icon\"><\/div>\r\n\t\t\t\t\t\t<img width=\"600\" height=\"380\" src=\"https:\/\/ibi-international.com\/wp-content\/uploads\/2016\/02\/iStock_43448904_XLARGE-600x380.jpg\" class=\"attachment-boc_medium size-boc_medium\" alt=\"\" loading=\"lazy\" \/>\r\n\t\t\t\t\t\t<div class=\"img_overlay_icon\"><span class=\"portfolio_icon icon_link\"><\/span><\/div><\/div>\r\n\t\t\t\t\t\t<div class=\"info_overlay\">\r\n\t\t\t\t\t\t\t<div class=\"info_overlay_padding\">\r\n\t\t\t\t\t\t\t\t<div class=\"info_desc\">\r\n\t\t\t\t\t\t\t\t\t<span class=\"portfolio_icon icon_link\"><\/span>\t\t\t\t\r\n\t\t\t\t\t\t\t\t\t<h3>Dinero en Efectivo Transportado<\/h3>\r\n\t\t\t\t\t\t\t\t\t<p>Con 20 camiones blindados en el sur de la Florida, IBI International Logistics, Inc. ofrece el Servicio de Dinero en Efectivo Transportado para sus clientes en la zona sur de la Florida. Nuestro servicio personalizado ha permitido que IBI International Logistics, Inc. pueda incluir varios gobiernos municipales e instituciones financieras entre sus clientes m\u00e1s fieles.<\/p>\r\n\t\t\t\t\t\t\t\t<\/div>\r\n\t\t\t\t\t\t\t<\/div>\r\n\t\t\t\t\t\t<\/div>\r\n\t\t\t\t\t<\/div>\r\n\t\t\t\t  <\/div>\r\n\t\t\t\t<\/a>\r\n\t\t\t[\/vc_column][vc_column width=\u00bb1\/3&#8243;]\r\n\t\t\t\t<a target=\"_self\" href=\"javascript:void(0)\"  style=\"cursor: default;\" class=\"pic_info_link_type4\">\r\n\t\t\t\t  <div class=\"boc_image_box portfolio_animator_class  \">\r\n\t\t\t\t\t<div class=\"pic_info type4\">\r\n\t\t\t\t\t\t<div class=\"pic \"><div class=\"plus_overlay\"><\/div><div class=\"plus_overlay_icon\"><\/div>\r\n\t\t\t\t\t\t<img width=\"600\" height=\"380\" src=\"https:\/\/ibi-international.com\/wp-content\/uploads\/2016\/02\/domestico2-600x380.jpg\" class=\"attachment-boc_medium size-boc_medium\" alt=\"\" loading=\"lazy\" \/>\r\n\t\t\t\t\t\t<div class=\"img_overlay_icon\"><span class=\"portfolio_icon icon_link\"><\/span><\/div><\/div>\r\n\t\t\t\t\t\t<div class=\"info_overlay\">\r\n\t\t\t\t\t\t\t<div class=\"info_overlay_padding\">\r\n\t\t\t\t\t\t\t\t<div class=\"info_desc\">\r\n\t\t\t\t\t\t\t\t\t<span class=\"portfolio_icon icon_link\"><\/span>\t\t\t\t\r\n\t\t\t\t\t\t\t\t\t<h3>Procesamiento de Dinero en Efectivo<\/h3>\r\n\t\t\t\t\t\t\t\t\t<p>Con m\u00e1quinas de \u00faltima generaci\u00f3n para procesar el dinero en efectivo, IBI International Logistics, Inc. puede procesar consignaciones en efectivo, verificando las cantidades, detectar los billetes falsos y hacer las consignaciones Fed Fix para sus clientes con sus respectivas instituciones financieras.<\/p>\r\n\t\t\t\t\t\t\t\t<\/div>\r\n\t\t\t\t\t\t\t<\/div>\r\n\t\t\t\t\t\t<\/div>\r\n\t\t\t\t\t<\/div>\r\n\t\t\t\t  <\/div>\r\n\t\t\t\t<\/a>\r\n\t\t\t[\/vc_column][vc_column width=\u00bb1\/3&#8243;]\r\n\t\t\t\t<a target=\"_self\" href=\"javascript:void(0)\"  style=\"cursor: default;\" class=\"pic_info_link_type4\">\r\n\t\t\t\t  <div class=\"boc_image_box portfolio_animator_class  \">\r\n\t\t\t\t\t<div class=\"pic_info type4\">\r\n\t\t\t\t\t\t<div class=\"pic \"><div class=\"plus_overlay\"><\/div><div class=\"plus_overlay_icon\"><\/div>\r\n\t\t\t\t\t\t<img width=\"600\" height=\"380\" src=\"https:\/\/ibi-international.com\/wp-content\/uploads\/2016\/02\/iStock_84975729_XLARGE-600x380.jpg\" class=\"attachment-boc_medium size-boc_medium\" alt=\"\" loading=\"lazy\" \/>\r\n\t\t\t\t\t\t<div class=\"img_overlay_icon\"><span class=\"portfolio_icon icon_link\"><\/span><\/div><\/div>\r\n\t\t\t\t\t\t<div class=\"info_overlay\">\r\n\t\t\t\t\t\t\t<div class=\"info_overlay_padding\">\r\n\t\t\t\t\t\t\t\t<div class=\"info_desc\">\r\n\t\t\t\t\t\t\t\t\t<span class=\"portfolio_icon icon_link\"><\/span>\t\t\t\t\r\n\t\t\t\t\t\t\t\t\t<h3>Env\u00edo de Paquetes Peque\u00f1os<\/h3>\r\n\t\t\t\t\t\t\t\t\t<p>IBI International Logistics, Inc. puede enviar los paquetes peque\u00f1os de sus clientes a trav\u00e9s de los Estados Unidos y en el extranjero. Los clientes pueden enviar paquetes con UPS o FedEx y asegurarlos hasta US$ 150,000 con la aprobaci\u00f3n de nuestro equipo para evaluar riesgos. Una empresa puede ahorrar hasta un 40% de sus gastos de env\u00edo.<\/p>\r\n\t\t\t\t\t\t\t\t<\/div>\r\n\t\t\t\t\t\t\t<\/div>\r\n\t\t\t\t\t\t<\/div>\r\n\t\t\t\t\t<\/div>\r\n\t\t\t\t  <\/div>\r\n\t\t\t\t<\/a>\r\n\t\t\t[\/vc_column][\/vc_row][vc_row][vc_column]<div class=\"boc_spacing \" style=\"height: 60px\"><\/div>[\/vc_column][\/vc_row]<\/p>","protected":false},"excerpt":{"rendered":"<p>[vc_row full_width=\u00bbstretch_row\u00bb bg_type=\u00bbimage\u00bb parallax_style=\u00bbvcpb-vz-jquery\u00bb bg_image_new=\u00bb24259&#8243; bg_image_repeat=\u00bbno-repeat\u00bb parallax_sense=\u00bb40&#8243; disable_on_mobile_img_parallax=\u00bboff\u00bb parallax_content=\u00bboff\u00bb fadeout_row=\u00bboff\u00bb enable_overlay=\u00bbenable_overlay_value\u00bb overlay_color=\u00bbrgba(0,0,0,0.34)\u00bb overlay_pattern=\u00bb09.png\u00bb css=\u00bb.vc_custom_1630616525401{margin-bottom: 0px !important;padding-top: 250px !important;padding-bottom: 160px !important;}\u00bb][vc_column][\/vc_column][\/vc_row][vc_row][vc_column][\/vc_column][\/vc_row][vc_row][vc_column width=\u00bb1\/3&#8243;][\/vc_column][vc_column width=\u00bb1\/3&#8243;][\/vc_column][vc_column width=\u00bb1\/3&#8243;][\/vc_column][\/vc_row][vc_row][vc_column][\/vc_column][\/vc_row]<\/p>\n","protected":false},"author":1,"featured_media":0,"parent":21719,"menu_order":0,"comment_status":"closed","ping_status":"closed","template":"","meta":[],"_links":{"self":[{"href":"https:\/\/ibi-international.com\/es\/wp-json\/wp\/v2\/pages\/23846"}],"collection":[{"href":"https:\/\/ibi-international.com\/es\/wp-json\/wp\/v2\/pages"}],"about":[{"href":"https:\/\/ibi-international.com\/es\/wp-json\/wp\/v2\/types\/page"}],"author":[{"embeddable":true,"href":"https:\/\/ibi-international.com\/es\/wp-json\/wp\/v2\/users\/1"}],"replies":[{"embeddable":true,"href":"https:\/\/ibi-international.com\/es\/wp-json\/wp\/v2\/comments?post=23846"}],"version-history":[{"count":29,"href":"https:\/\/ibi-international.com\/es\/wp-json\/wp\/v2\/pages\/23846\/revisions"}],"predecessor-version":[{"id":24399,"href":"https:\/\/ibi-international.com\/es\/wp-json\/wp\/v2\/pages\/23846\/revisions\/24399"}],"up":[{"embeddable":true,"href":"https:\/\/ibi-international.com\/es\/wp-json\/wp\/v2\/pages\/21719"}],"wp:attachment":[{"href":"https:\/\/ibi-international.com\/es\/wp-json\/wp\/v2\/media?parent=23846"}],"curies":[{"name":"wp","href":"https:\/\/api.w.org\/{rel}","templated":true}]}}