{"id":23850,"date":"2016-02-03T19:01:42","date_gmt":"2016-02-03T19:01:42","guid":{"rendered":"https:\/\/www.transvalueinc.net\/\/?page_id=23850"},"modified":"2022-01-28T00:30:01","modified_gmt":"2022-01-28T00:30:01","slug":"internacional","status":"publish","type":"page","link":"https:\/\/ibi-international.com\/es\/services\/internacional\/","title":{"rendered":"Internacional"},"content":{"rendered":"<p>[vc_row full_width=\u00bbstretch_row\u00bb bg_type=\u00bbimage\u00bb parallax_style=\u00bbvcpb-vz-jquery\u00bb bg_image_new=\u00bb24262&#8243; bg_image_repeat=\u00bbno-repeat\u00bb parallax_sense=\u00bb40&#8243; bg_override=\u00bbfull\u00bb disable_on_mobile_img_parallax=\u00bboff\u00bb parallax_content=\u00bboff\u00bb fadeout_row=\u00bboff\u00bb enable_overlay=\u00bbenable_overlay_value\u00bb overlay_color=\u00bbrgba(0,0,0,0.34)\u00bb overlay_pattern=\u00bb09.png\u00bb css=\u00bb.vc_custom_1630617038647{margin-bottom: 0px !important;padding-top: 250px !important;padding-bottom: 160px !important;}\u00bb][vc_column]<h1 class=\"boc_heading  center  \"  style=\"margin-bottom: 12px;margin-top: 0px;color: #ffffff;font-size: 52px;\"><span>M\u00e1s de <strong style=\"color: #9c8b5d;\">30 a\u00f1os <\/strong>de experiencia en la industria<\/span><\/h1><div class=\"boc_divider_holder\"><div class=\"boc_divider  \"  style=\"margin-top: 16px;margin-bottom: 20px;width: 100px;margin-left: auto; margin-right: auto;height: 1px;background: rgba(255,255,255,0.15);\"><\/div><\/div><h2 class=\"boc_heading  center  boc_subheading \"  style=\"margin-bottom: 20px;margin-top: 0px;color: rgba(255,255,255,0.8);font-size: 26px;\"><span>Nuestro equipo est\u00e1 preparado para ayudar en la planificaci\u00f3n y la coordinaci\u00f3n<\/span><\/h2>[\/vc_column][\/vc_row][vc_row][vc_column]<div class=\"boc_spacing \" style=\"height: 80px\"><\/div><h2 class=\"boc_heading  center  \"  style=\"margin-bottom: 20px;margin-top: 0px;color: #333333;font-size: 36px;\"><span>Servicio<strong> Internacional<\/strong><\/span><\/h2><div class=\"boc_divider_holder\"><div class=\"boc_divider  \"  style=\"margin-top: 20px;margin-bottom: 20px;width: 100px;margin-left: auto; margin-right: auto;height: 2px;background: #eeeeee;\"><\/div><\/div><h3 class=\"boc_heading  center  boc_subheading \"  style=\"margin-bottom: 20px;margin-top: 0px;color: #afafaf;\"><span>Somos un equipo de trabajo apasionado por lo que hacemos.<\/span><\/h3><div class=\"boc_spacing \" style=\"height: 20px\"><\/div>[\/vc_column][\/vc_row][vc_row][vc_column width=\u00bb1\/3&#8243;]\r\n\t\t\t\t<a target=\"_self\" href=\"javascript:void(0)\"  style=\"cursor: default;\" class=\"pic_info_link_type4\">\r\n\t\t\t\t  <div class=\"boc_image_box portfolio_animator_class  \">\r\n\t\t\t\t\t<div class=\"pic_info type4\">\r\n\t\t\t\t\t\t<div class=\"pic \"><div class=\"plus_overlay\"><\/div><div class=\"plus_overlay_icon\"><\/div>\r\n\t\t\t\t\t\t<img width=\"600\" height=\"380\" src=\"https:\/\/ibi-international.com\/wp-content\/uploads\/2016\/02\/Currency-600x380.jpg\" class=\"attachment-boc_medium size-boc_medium\" alt=\"\" loading=\"lazy\" \/>\r\n\t\t\t\t\t\t<div class=\"img_overlay_icon\"><span class=\"portfolio_icon icon_link\"><\/span><\/div><\/div>\r\n\t\t\t\t\t\t<div class=\"info_overlay\">\r\n\t\t\t\t\t\t\t<div class=\"info_overlay_padding\">\r\n\t\t\t\t\t\t\t\t<div class=\"info_desc\">\r\n\t\t\t\t\t\t\t\t\t<span class=\"portfolio_icon icon_link\"><\/span>\t\t\t\t\r\n\t\t\t\t\t\t\t\t\t<h3>Billetes Bancarios<\/h3>\r\n\t\t\t\t\t\t\t\t\t<p>Por mucho tiempo IBI International Logistics, Inc. ha sido l\u00edder en el env\u00edo internacional de billetes bancarios entre instituciones financieras. Nuestro equipo est\u00e1 listo para asistir a las instituciones financieras en la planeaci\u00f3n, coordinaci\u00f3n y entrega final de sus billetes bancarios a los bancos correspondientes en el extranjero. Con m\u00e1s de 23 a\u00f1os de experiencia en esta industria, el personal de IBI International Logistics, Inc. conoce muy bien las normas internacionales y dom\u00e9sticas con respecto al transporte de billetes bancarios desde el extranjero.<\/p>\r\n\t\t\t\t\t\t\t\t<\/div>\r\n\t\t\t\t\t\t\t<\/div>\r\n\t\t\t\t\t\t<\/div>\r\n\t\t\t\t\t<\/div>\r\n\t\t\t\t  <\/div>\r\n\t\t\t\t<\/a>\r\n\t\t\t[\/vc_column][vc_column width=\u00bb1\/3&#8243;]\r\n\t\t\t\t<a target=\"_self\" href=\"javascript:void(0)\"  style=\"cursor: default;\" class=\"pic_info_link_type4\">\r\n\t\t\t\t  <div class=\"boc_image_box portfolio_animator_class  \">\r\n\t\t\t\t\t<div class=\"pic_info type4\">\r\n\t\t\t\t\t\t<div class=\"pic \"><div class=\"plus_overlay\"><\/div><div class=\"plus_overlay_icon\"><\/div>\r\n\t\t\t\t\t\t<img width=\"600\" height=\"380\" src=\"https:\/\/ibi-international.com\/wp-content\/uploads\/2016\/02\/iStock_53569150_XXLARGE-600x380.jpg\" class=\"attachment-boc_medium size-boc_medium\" alt=\"\" loading=\"lazy\" \/>\r\n\t\t\t\t\t\t<div class=\"img_overlay_icon\"><span class=\"portfolio_icon icon_link\"><\/span><\/div><\/div>\r\n\t\t\t\t\t\t<div class=\"info_overlay\">\r\n\t\t\t\t\t\t\t<div class=\"info_overlay_padding\">\r\n\t\t\t\t\t\t\t\t<div class=\"info_desc\">\r\n\t\t\t\t\t\t\t\t\t<span class=\"portfolio_icon icon_link\"><\/span>\t\t\t\t\r\n\t\t\t\t\t\t\t\t\t<h3>Otra Mercanc\u00eda de Valor<\/h3>\r\n\t\t\t\t\t\t\t\t\t<p>IBI International Logistics, Inc. tambi\u00e9n transporta otras mercanc\u00edas de valor, tales como metales preciosos, piedras preciosas, joyer\u00eda, tarjetas de cr\u00e9dito, cintas de datos y otras mercanc\u00edas de valor parecidas. IBI International Logistics, Inc. ofrece servicios tales como:<\/p>\n<ul>\n<li>Coordinaci\u00f3n de sus embarques personalizado para adaptarse a su negocio<\/li>\n<li>Transporte Seguro<\/li>\n<li>Manejo de la aerol\u00ednea<\/li>\n<li>Consolidaci\u00f3n de embarques<\/li>\n<li>Presentaci\u00f3n de los despachos de aduana<\/li>\n<li>Almacenamiento seguro en nuestro almac\u00e9n de aduanas<\/li>\n<li>Entrega<\/li>\n<\/ul>\n<p><em><em>Por favor tener en cuenta que IBI International Logistics, Inc. no transporta ning\u00fan material HAZMAT u obras de arte<\/p>\r\n\t\t\t\t\t\t\t\t<\/div>\r\n\t\t\t\t\t\t\t<\/div>\r\n\t\t\t\t\t\t<\/div>\r\n\t\t\t\t\t<\/div>\r\n\t\t\t\t  <\/div>\r\n\t\t\t\t<\/a>\r\n\t\t\t[\/vc_column][vc_column width=\u00bb1\/3&#8243;]\r\n\t\t\t\t<a target=\"_self\" href=\"javascript:void(0)\"  style=\"cursor: default;\" class=\"pic_info_link_type4\">\r\n\t\t\t\t  <div class=\"boc_image_box portfolio_animator_class  \">\r\n\t\t\t\t\t<div class=\"pic_info type4\">\r\n\t\t\t\t\t\t<div class=\"pic \"><div class=\"plus_overlay\"><\/div><div class=\"plus_overlay_icon\"><\/div>\r\n\t\t\t\t\t\t<img width=\"600\" height=\"380\" src=\"https:\/\/ibi-international.com\/wp-content\/uploads\/2015\/03\/metales-preciosos.jpg\" class=\"attachment-boc_medium size-boc_medium\" alt=\"\" loading=\"lazy\" srcset=\"https:\/\/ibi-international.com\/wp-content\/uploads\/2015\/03\/metales-preciosos.jpg 600w, https:\/\/ibi-international.com\/wp-content\/uploads\/2015\/03\/metales-preciosos-300x190.jpg 300w\" sizes=\"(max-width: 600px) 100vw, 600px\" \/>\r\n\t\t\t\t\t\t<div class=\"img_overlay_icon\"><span class=\"portfolio_icon icon_link\"><\/span><\/div><\/div>\r\n\t\t\t\t\t\t<div class=\"info_overlay\">\r\n\t\t\t\t\t\t\t<div class=\"info_overlay_padding\">\r\n\t\t\t\t\t\t\t\t<div class=\"info_desc\">\r\n\t\t\t\t\t\t\t\t\t<span class=\"portfolio_icon icon_link\"><\/span>\t\t\t\t\r\n\t\t\t\t\t\t\t\t\t<h3>Metales Preciosos \/ Sector Minero<\/h3>\r\n\t\t\t\t\t\t\t\t\t<p>IBI International Logistics, Inc. es consciente de la importancia de seguridad, as\u00ed como la eficiencia del tiempo en esta industria. Nuestros servicios proveen tranquilidad a nuestros clientes, ya que contamos con el manejo de todo el proceso log\u00edstico que incluye:<\/em><\/em><\/p>\n<ul>\n<li>Coordinaci\u00f3n de sus embarques personalizado para adaptarse a su negocio<\/li>\n<li>Transportaci\u00f3n del producto desde el sector minero hasta las refiner\u00edas respectivas<\/li>\n<li>Transporte Seguro<\/li>\n<li>Presentaci\u00f3n de los despachos de aduana<\/li>\n<\/ul>\n<p><em><\/p>\r\n\t\t\t\t\t\t\t\t<\/div>\r\n\t\t\t\t\t\t\t<\/div>\r\n\t\t\t\t\t\t<\/div>\r\n\t\t\t\t\t<\/div>\r\n\t\t\t\t  <\/div>\r\n\t\t\t\t<\/a>\r\n\t\t\t[\/vc_column][\/vc_row][vc_row][vc_column]<div class=\"boc_spacing \" style=\"height: 60px\"><\/div>[\/vc_column][\/vc_row][vc_row][vc_column][vc_column_text]<\/em>[\/vc_column_text][\/vc_column][\/vc_row]<\/p>","protected":false},"excerpt":{"rendered":"<p>[vc_row full_width=\u00bbstretch_row\u00bb bg_type=\u00bbimage\u00bb parallax_style=\u00bbvcpb-vz-jquery\u00bb bg_image_new=\u00bb24262&#8243; bg_image_repeat=\u00bbno-repeat\u00bb parallax_sense=\u00bb40&#8243; bg_override=\u00bbfull\u00bb disable_on_mobile_img_parallax=\u00bboff\u00bb parallax_content=\u00bboff\u00bb fadeout_row=\u00bboff\u00bb enable_overlay=\u00bbenable_overlay_value\u00bb overlay_color=\u00bbrgba(0,0,0,0.34)\u00bb overlay_pattern=\u00bb09.png\u00bb css=\u00bb.vc_custom_1630617038647{margin-bottom: 0px !important;padding-top: 250px !important;padding-bottom: 160px !important;}\u00bb][vc_column][\/vc_column][\/vc_row][vc_row][vc_column][\/vc_column][\/vc_row][vc_row][vc_column width=\u00bb1\/3&#8243;][\/vc_column][vc_column width=\u00bb1\/3&#8243;][\/vc_column][vc_column width=\u00bb1\/3&#8243;][\/vc_column][\/vc_row][vc_row][vc_column][\/vc_column][\/vc_row][vc_row][vc_column][vc_column_text][\/vc_column_text][\/vc_column][\/vc_row]<\/p>\n","protected":false},"author":1,"featured_media":0,"parent":21719,"menu_order":0,"comment_status":"closed","ping_status":"closed","template":"","meta":[],"_links":{"self":[{"href":"https:\/\/ibi-international.com\/es\/wp-json\/wp\/v2\/pages\/23850"}],"collection":[{"href":"https:\/\/ibi-international.com\/es\/wp-json\/wp\/v2\/pages"}],"about":[{"href":"https:\/\/ibi-international.com\/es\/wp-json\/wp\/v2\/types\/page"}],"author":[{"embeddable":true,"href":"https:\/\/ibi-international.com\/es\/wp-json\/wp\/v2\/users\/1"}],"replies":[{"embeddable":true,"href":"https:\/\/ibi-international.com\/es\/wp-json\/wp\/v2\/comments?post=23850"}],"version-history":[{"count":41,"href":"https:\/\/ibi-international.com\/es\/wp-json\/wp\/v2\/pages\/23850\/revisions"}],"predecessor-version":[{"id":24401,"href":"https:\/\/ibi-international.com\/es\/wp-json\/wp\/v2\/pages\/23850\/revisions\/24401"}],"up":[{"embeddable":true,"href":"https:\/\/ibi-international.com\/es\/wp-json\/wp\/v2\/pages\/21719"}],"wp:attachment":[{"href":"https:\/\/ibi-international.com\/es\/wp-json\/wp\/v2\/media?parent=23850"}],"curies":[{"name":"wp","href":"https:\/\/api.w.org\/{rel}","templated":true}]}}