{"id":24030,"date":"2016-08-05T15:51:59","date_gmt":"2016-08-05T15:51:59","guid":{"rendered":"https:\/\/www.transvalueinc.net\/\/?page_id=24030"},"modified":"2021-09-03T15:40:56","modified_gmt":"2021-09-03T15:40:56","slug":"cumplimiento-2","status":"publish","type":"page","link":"https:\/\/ibi-international.com\/es\/cumplimiento-2\/","title":{"rendered":"Compliance"},"content":{"rendered":"<p>[vc_row full_width=\u00bbstretch_row\u00bb bg_type=\u00bbimage\u00bb parallax_style=\u00bbvcpb-vz-jquery\u00bb bg_image_new=\u00bb23936&#8243; bg_image_repeat=\u00bbno-repeat\u00bb parallax_sense=\u00bb50&#8243; bg_override=\u00bbfull\u00bb disable_on_mobile_img_parallax=\u00bboff\u00bb parallax_content=\u00bboff\u00bb fadeout_row=\u00bboff\u00bb enable_overlay=\u00bbenable_overlay_value\u00bb overlay_color=\u00bbrgba(0,0,0,0.34)\u00bb overlay_pattern=\u00bb09.png\u00bb seperator_enable=\u00bboff\u00bb css=\u00bb.vc_custom_1467824614012{margin-bottom: 0px !important;padding-top: 250px !important;padding-bottom: 160px !important;}\u00bb][vc_column]<h1 class=\"boc_heading no_text_transform center  \"  style=\"margin-bottom: 20px;margin-top: 0px;color: #ffffff;font-size: 52px;\"><span>Nuestra <span style=\"color: #9c8b5d;\"><strong>Experiencia<\/strong><\/span> marca la <span style=\"color: #9c8b5d;\"><strong>Diferencia.<\/strong><\/span><\/span><\/h1><div class=\"boc_divider_holder\"><div class=\"boc_divider  \"  style=\"margin-top: 24px;margin-bottom: 30px;width: 100px;margin-left: auto; margin-right: auto;height: 2px;background: rgba(255,255,255,0.3);\"><\/div><\/div><h2 class=\"boc_heading  center  boc_subheading \"  style=\"margin-bottom: 20px;margin-top: 0px;color: #e5e5e5;font-size: 26px;\"><span>Nuestro equipo de trabajo monitorea actividades sospechosas<\/span><\/h2>[\/vc_column][\/vc_row][vc_row bg_type=\u00bbbg_color\u00bb seperator_enable=\u00bboff\u00bb][vc_column]<div class=\"boc_spacing \" style=\"height: 70px\"><\/div><h2 class=\"boc_heading  al_left  \"  style=\"margin-bottom: 20px;margin-top: 0px;color: #333;\"><span>Cumplimiento<\/span><\/h2><div class=\"boc_divider_holder\"><div class=\"boc_divider  \"  style=\"margin-top: 20px;margin-bottom: 20px;width: 60px;height: 1px;background: #eeeeee;\"><\/div><\/div>[vc_column_text]IBI International Logistics, Inc. se enorgullece de su compromiso de proporcionar un servicio excepcional, a su vez respetando y apoyando todas las leyes y reglamentos aplicables. Todo el personal de IBI International Logistics, Inc. que trabajan en \u00e1reas expuestas a situaciones de lavado de dinero recibe el entrenamiento adecuado y constantemente monitorean actividades sospechosas. Nuestra p\u00f3liza de \u201cConozca a su Cliente\u201d fortifica la relaci\u00f3n con nuestros clientes al mantener constantemente el m\u00e1s alto nivel de transparencia y legitimidad en todas nuestras actividades comerciales mutuas.<\/p>\n<p>IBI International Logistics, Inc. ha implementado un Programa de Anti Lavado riguroso, que se ocupa de las pol\u00edticas y procedimientos de identificaci\u00f3n de clientes y \u00c9tica de Empleados entre otros.<\/p>\n<p>Nuestros procedimientos de Conocimiento del Cliente y el Mercado incluyen la revisi\u00f3n de todas las entidades y sus beneficiarios con los que realizamos negocios. Nuestras cuentas son revisadas \u200b\u200by actualizadas anualmente de forma continua. Entre los factores que se tienen en cuenta son la identificaci\u00f3n, verificaci\u00f3n, revisi\u00f3n de antecedentes, la duraci\u00f3n de tiempo en el negocio, la reputaci\u00f3n, la evaluaci\u00f3n del riesgo de cada pa\u00eds, programa Anti Lavado de Dinero interno del cliente, OFAC, PEP, CFT, m\u00e1s de 200 agencias gubernamentales y m\u00e1s de 400 sanciones listas.[\/vc_column_text]<div class=\"boc_spacing \" style=\"height: 40px\"><\/div>[\/vc_column][\/vc_row]<\/p>","protected":false},"excerpt":{"rendered":"<p>[vc_row full_width=\u00bbstretch_row\u00bb bg_type=\u00bbimage\u00bb parallax_style=\u00bbvcpb-vz-jquery\u00bb bg_image_new=\u00bb23936&#8243; bg_image_repeat=\u00bbno-repeat\u00bb parallax_sense=\u00bb50&#8243; bg_override=\u00bbfull\u00bb disable_on_mobile_img_parallax=\u00bboff\u00bb parallax_content=\u00bboff\u00bb fadeout_row=\u00bboff\u00bb enable_overlay=\u00bbenable_overlay_value\u00bb overlay_color=\u00bbrgba(0,0,0,0.34)\u00bb overlay_pattern=\u00bb09.png\u00bb seperator_enable=\u00bboff\u00bb css=\u00bb.vc_custom_1467824614012{margin-bottom: 0px !important;padding-top: 250px !important;padding-bottom: 160px !important;}\u00bb][vc_column][\/vc_column][\/vc_row][vc_row bg_type=\u00bbbg_color\u00bb seperator_enable=\u00bboff\u00bb][vc_column][vc_column_text]IBI International Logistics, Inc. se enorgullece de su compromiso de proporcionar un servicio excepcional, a su vez respetando y apoyando todas las leyes y reglamentos aplicables. Todo el personal de IBI International Logistics, Inc. que trabajan en<\/p>\n<div class=\"h10\"><\/div>\n<p><a class=\"more-link1\" href=\"https:\/\/ibi-international.com\/es\/cumplimiento-2\/\">Read more<\/a><\/p>\n","protected":false},"author":1,"featured_media":0,"parent":0,"menu_order":0,"comment_status":"closed","ping_status":"closed","template":"","meta":[],"_links":{"self":[{"href":"https:\/\/ibi-international.com\/es\/wp-json\/wp\/v2\/pages\/24030"}],"collection":[{"href":"https:\/\/ibi-international.com\/es\/wp-json\/wp\/v2\/pages"}],"about":[{"href":"https:\/\/ibi-international.com\/es\/wp-json\/wp\/v2\/types\/page"}],"author":[{"embeddable":true,"href":"https:\/\/ibi-international.com\/es\/wp-json\/wp\/v2\/users\/1"}],"replies":[{"embeddable":true,"href":"https:\/\/ibi-international.com\/es\/wp-json\/wp\/v2\/comments?post=24030"}],"version-history":[{"count":34,"href":"https:\/\/ibi-international.com\/es\/wp-json\/wp\/v2\/pages\/24030\/revisions"}],"predecessor-version":[{"id":24306,"href":"https:\/\/ibi-international.com\/es\/wp-json\/wp\/v2\/pages\/24030\/revisions\/24306"}],"wp:attachment":[{"href":"https:\/\/ibi-international.com\/es\/wp-json\/wp\/v2\/media?parent=24030"}],"curies":[{"name":"wp","href":"https:\/\/api.w.org\/{rel}","templated":true}]}}